{"id":52317,"date":"2023-07-04T11:18:37","date_gmt":"2023-07-04T09:18:37","guid":{"rendered":"https:\/\/beconfident-fi.hemsida.eu\/produkt\/super-white-fresh-toothpaste\/"},"modified":"2023-12-11T15:22:10","modified_gmt":"2023-12-11T14:22:10","slug":"super-white-fresh-toothpaste","status":"publish","type":"product","link":"https:\/\/beconfident.fi\/fi_sv\/tuote\/super-white-fresh-toothpaste\/","title":{"rendered":"Super White &amp; Fresh Toothpaste"},"content":{"rendered":"<p><strong>Beconfident\u00ae Den b\u00e4sta Whitening-tandkr\u00e4men med b\u00e5de PaP och kalciumperoxid.<\/strong><br \/>\nDesignad av vetenskapen. Tillverkad i Sverige. Ger rena, synligt vitare t\u00e4nder, st\u00e4rker emaljen, fr\u00e4schar upp andedr\u00e4kten och skyddar mot plack och karies. Anv\u00e4nder de renaste och s\u00e4kraste ingredienserna. Det h\u00e4r \u00e4r din tandkr\u00e4m. Detta \u00e4r en tandkr\u00e4m f\u00f6r varje smak, behov och \u00f6gonblick; den finns i Fresh Spearmint.<\/p>\n<p>Tandkr\u00e4men \u00e4r fylld med nya ingredienser som ingen tidigare har inkluderat i en tandkr\u00e4m &#8211; s\u00e5som unikt vitt kol f\u00f6r att absorbera toxiner och d\u00e5lig lukt, hyaluronsyra f\u00f6r antiinflammatorisk tandk\u00f6ttsh\u00e4lsa och C-vitamin f\u00f6r \u00f6vergripande styrka, bara f\u00f6r att n\u00e4mna n\u00e5gra. F\u00f6r blekning av t\u00e4nderna Kalciumperoxid l\u00f6ser upp proteinhinnan p\u00e5 t\u00e4nderna som drar till sig missf\u00e4rgningar till tandytan och h\u00e5ller dem f\u00e5ngna. N\u00e4r proteinhinnan l\u00f6ses upp avl\u00e4gsnas alla fl\u00e4ckar som fastnat p\u00e5 hinnan f\u00f6rsiktigt fr\u00e5n t\u00e4nderna utan starka ingredienser som v\u00e4teperoxid. Kalciumperoxidens l\u00e5ngsamma syrefris\u00e4ttning g\u00f6r den ocks\u00e5 till ett idealiskt, kostnadseffektivt, lagringsbest\u00e4ndigt och naturligt alternativ f\u00f6r blekning av t\u00e4nderna. Vid daglig anv\u00e4ndning av tandkr\u00e4men under veckor och m\u00e5nader har den lilla m\u00e4ngd syre som frig\u00f6rs en stadig blekningseffekt utan h\u00e5rda slipmedel eller starka reng\u00f6ringsmedel.<br \/>\nDessutom har vi en h\u00f6g koncentration av Phthalimidoperoxycaproic acid (PAP), som \u00e4r ett s\u00e4krare alternativ till traditionella blekningsingredienser och det aktiva blekningsmedlet. PAP har visat sig bleka effektivt utan att orsaka n\u00e5gon skada p\u00e5 tandens inre eller yttre struktur.<\/p>\n<p><strong>Hur man anv\u00e4nder tandkr\u00e4men:<\/strong><br \/>\nBorsta t\u00e4nderna dagligen morgon och kv\u00e4ll i minst 2 minuter med Beconfident\u00ae Super White &amp; Fresh tandkr\u00e4m, tills\u00e4tt en klunk vatten och snurra runt i ytterligare 30 sekunder.&#8221;<\/p>\n","protected":false},"excerpt":{"rendered":"<p>Beconfident\u00ae Den b\u00e4sta Whitening-tandkr\u00e4men med b\u00e5de PaP och kalciumperoxid. Designad av vetenskapen. Tillverkad i Sverige. Ger rena, synligt vitare t\u00e4nder, st\u00e4rker emaljen, fr\u00e4schar upp andedr\u00e4kten och skyddar mot plack och karies. Anv\u00e4nder de renaste och s\u00e4kraste ingredienserna. Det h\u00e4r \u00e4r din tandkr\u00e4m. Detta \u00e4r en tandkr\u00e4m f\u00f6r varje smak, behov och \u00f6gonblick; den finns i [&hellip;]<\/p>\n","protected":false},"featured_media":52264,"comment_status":"open","ping_status":"closed","template":"","meta":{"inline_featured_image":false},"product_cat":[480,481],"product_tag":[],"acf":[],"_links":{"self":[{"href":"https:\/\/beconfident.fi\/fi_sv\/wp-json\/wp\/v2\/product\/52317"}],"collection":[{"href":"https:\/\/beconfident.fi\/fi_sv\/wp-json\/wp\/v2\/product"}],"about":[{"href":"https:\/\/beconfident.fi\/fi_sv\/wp-json\/wp\/v2\/types\/product"}],"replies":[{"embeddable":true,"href":"https:\/\/beconfident.fi\/fi_sv\/wp-json\/wp\/v2\/comments?post=52317"}],"wp:featuredmedia":[{"embeddable":true,"href":"https:\/\/beconfident.fi\/fi_sv\/wp-json\/wp\/v2\/media\/52264"}],"wp:attachment":[{"href":"https:\/\/beconfident.fi\/fi_sv\/wp-json\/wp\/v2\/media?parent=52317"}],"wp:term":[{"taxonomy":"product_cat","embeddable":true,"href":"https:\/\/beconfident.fi\/fi_sv\/wp-json\/wp\/v2\/product_cat?post=52317"},{"taxonomy":"product_tag","embeddable":true,"href":"https:\/\/beconfident.fi\/fi_sv\/wp-json\/wp\/v2\/product_tag?post=52317"}],"curies":[{"name":"wp","href":"https:\/\/api.w.org\/{rel}","templated":true}]}}