{"id":21261,"date":"2021-01-11T10:04:26","date_gmt":"2021-01-11T09:04:26","guid":{"rendered":"http:\/\/beconfident.beconfident.hemsida.eu\/produkt\/teeth-whitening-x2-dual-boost-kit\/"},"modified":"2023-12-12T15:19:13","modified_gmt":"2023-12-12T14:19:13","slug":"teeth-whitening-x2-dual-boost-kit-2","status":"publish","type":"product","link":"https:\/\/beconfident.fi\/fi_sv\/tuote\/teeth-whitening-x2-dual-boost-kit-2\/","title":{"rendered":"Teeth Whitening Dual Boost X2 Kit"},"content":{"rendered":"<p>Beconfident\u00ae Tandblekning Dual Boost X2 Kit \u00e4r ett helt peroxidfritt tandblekningskit som bygger p\u00e5 den patenterade Dual Boost X2 teknologin med tv\u00e5 aktiva ingredienser som b\u00e5de reng\u00f6r och bleker tandytan.<\/p>\n<p>I den f\u00f6rsta aktiva fasen avl\u00e4gsnas ytliga missf\u00e4rgning fr\u00e5n t\u00e4nderna. Reng\u00f6ringseffekten kommer fr\u00e5n kokossulfat, en naturligt f\u00f6rekommande ingrediens som effektivt lyfter upp missf\u00e4rgningarna fr\u00e5n tandytan.<\/p>\n<p>I den andra fasen, som s\u00e4tter ig\u00e5ng efter ca 8 minuter, ger bikarbonat en blekande effekt utan att skada emaljen eller g\u00f6ra den mer k\u00e4nslig. I Dual Boost X1 Kit ing\u00e5r ocks\u00e5 ett Tooth Gloss med mintsmak som ger t\u00e4nderna en omedelbar lyster och skyddar mot nya missf\u00e4rgningar efter avslutad behandling. Behandlingen tar 10 dagar.<\/p>\n<p>F\u00f6rpackningen inneh\u00e5ller Dual Boost X1 tandblekningsgel (10 ml), Tooth gloss med mintsmak (10 ml), gelapplikator, 2 formbara munskenor, nyansguide och bruksanvisning.<\/p>\n","protected":false},"excerpt":{"rendered":"<p>Upp till 5 nyanser vitare t\u00e4nder p\u00e5 10 dagar<\/p>\n","protected":false},"featured_media":55958,"comment_status":"open","ping_status":"closed","template":"","meta":{"inline_featured_image":false},"product_cat":[723,496],"product_tag":[],"acf":[],"_links":{"self":[{"href":"https:\/\/beconfident.fi\/fi_sv\/wp-json\/wp\/v2\/product\/21261"}],"collection":[{"href":"https:\/\/beconfident.fi\/fi_sv\/wp-json\/wp\/v2\/product"}],"about":[{"href":"https:\/\/beconfident.fi\/fi_sv\/wp-json\/wp\/v2\/types\/product"}],"replies":[{"embeddable":true,"href":"https:\/\/beconfident.fi\/fi_sv\/wp-json\/wp\/v2\/comments?post=21261"}],"wp:featuredmedia":[{"embeddable":true,"href":"https:\/\/beconfident.fi\/fi_sv\/wp-json\/wp\/v2\/media\/55958"}],"wp:attachment":[{"href":"https:\/\/beconfident.fi\/fi_sv\/wp-json\/wp\/v2\/media?parent=21261"}],"wp:term":[{"taxonomy":"product_cat","embeddable":true,"href":"https:\/\/beconfident.fi\/fi_sv\/wp-json\/wp\/v2\/product_cat?post=21261"},{"taxonomy":"product_tag","embeddable":true,"href":"https:\/\/beconfident.fi\/fi_sv\/wp-json\/wp\/v2\/product_tag?post=21261"}],"curies":[{"name":"wp","href":"https:\/\/api.w.org\/{rel}","templated":true}]}}