{"id":21249,"date":"2021-01-11T10:04:26","date_gmt":"2021-01-11T09:04:26","guid":{"rendered":"http:\/\/beconfident.beconfident.hemsida.eu\/produkt\/tooth-gloss-mint-15-ml\/"},"modified":"2023-11-25T08:24:30","modified_gmt":"2023-11-25T07:24:30","slug":"tooth-gloss-mint-15-ml","status":"publish","type":"product","link":"https:\/\/beconfident.fi\/fi_sv\/tuote\/tooth-gloss-mint-15-ml\/","title":{"rendered":"Tandgloss Mintsmak &#8211; 15 ml"},"content":{"rendered":"<p>Med Beconfident\u00ae tandgloss f\u00e5r t\u00e4nderna en fantastisk lyster tack vare en patenterad formula. Tandglosset ger inte bara ett vackert leende, den skyddar \u00e4ven effektivt t\u00e4nderna mot f\u00e4rgade drycker och missf\u00e4rgningar och passar d\u00e4rf\u00f6r utm\u00e4rkt som skydd efter tandblekning. Beconfidents tandgloss kan anv\u00e4ndas dagligen eller vid behov n\u00e4r man vill visa upp sitt b\u00e4sta leende.<\/p>\n<p>Applicering: F\u00f6r b\u00e4sta resultat applicera en tunn str\u00e4ng av Beconfident\u00ae tandgloss p\u00e5 tandborsten och borsta som vanligt vid behov. Produkten kan \u00e4ven appliceras med fingertopparna direkt p\u00e5 t\u00e4nderna.<\/p>\n<p>F\u00f6rpackningen inneh\u00e5ller 1 x Tandgloss (15 ml) samt bruksanvisning.<\/p>\n","protected":false},"excerpt":{"rendered":"<p>Tandgloss som effektivt skyddar t\u00e4nderna mot missf\u00e4rgningar och ger t\u00e4nderna vacker glans<\/p>\n","protected":false},"featured_media":21250,"comment_status":"open","ping_status":"closed","template":"","meta":{"inline_featured_image":false},"product_cat":[723,487],"product_tag":[],"acf":[],"_links":{"self":[{"href":"https:\/\/beconfident.fi\/fi_sv\/wp-json\/wp\/v2\/product\/21249"}],"collection":[{"href":"https:\/\/beconfident.fi\/fi_sv\/wp-json\/wp\/v2\/product"}],"about":[{"href":"https:\/\/beconfident.fi\/fi_sv\/wp-json\/wp\/v2\/types\/product"}],"replies":[{"embeddable":true,"href":"https:\/\/beconfident.fi\/fi_sv\/wp-json\/wp\/v2\/comments?post=21249"}],"wp:featuredmedia":[{"embeddable":true,"href":"https:\/\/beconfident.fi\/fi_sv\/wp-json\/wp\/v2\/media\/21250"}],"wp:attachment":[{"href":"https:\/\/beconfident.fi\/fi_sv\/wp-json\/wp\/v2\/media?parent=21249"}],"wp:term":[{"taxonomy":"product_cat","embeddable":true,"href":"https:\/\/beconfident.fi\/fi_sv\/wp-json\/wp\/v2\/product_cat?post=21249"},{"taxonomy":"product_tag","embeddable":true,"href":"https:\/\/beconfident.fi\/fi_sv\/wp-json\/wp\/v2\/product_tag?post=21249"}],"curies":[{"name":"wp","href":"https:\/\/api.w.org\/{rel}","templated":true}]}}