{"id":21245,"date":"2021-01-11T10:04:26","date_gmt":"2021-01-11T09:04:26","guid":{"rendered":"http:\/\/beconfident.beconfident.hemsida.eu\/produkt\/teeth-whitening-mouth-trays-2-pack\/"},"modified":"2023-12-13T08:19:08","modified_gmt":"2023-12-13T07:19:08","slug":"teeth-whitening-mouth-trays-2-pack","status":"publish","type":"product","link":"https:\/\/beconfident.fi\/fi_sv\/tuote\/teeth-whitening-mouth-trays-2-pack\/","title":{"rendered":"Tandblekning Munskenor 2-pack"},"content":{"rendered":"<p>Beconfident\u00ae Tandblekningsskenor kan anv\u00e4ndas tillsammans med alla Beconfidents olika tandblekningsgeler. En v\u00e4lpassande munskena \u00e4r en f\u00f6ruts\u00e4ttning f\u00f6r ett lyckats tandblekningsresultat d\u00e5 det \u00e4r kritiskt att gelen f\u00e5r s\u00e5 optimal kontakt som m\u00f6jligt med tandytan. Beconfidents munskena \u00e4r speciellt framtagen f\u00f6r att anv\u00e4ndas tillsammans med tandblekningsgel och levereras med detaljerade instruktioner f\u00f6r hur man enkelt formar den efter den egna tandraden.<\/p>\n<p>F\u00f6rpackningen inneh\u00e5ller 2-pack Tandblekningsskenor, applikator f\u00f6r behandling av enskilda tandytor samt bruksanvisning.<\/p>\n","protected":false},"excerpt":{"rendered":"<p>2-pack tandblekningsskenor som kan anv\u00e4ndas tillsammans med alla Beconfident\u00ae tandblekningsgeler<\/p>\n","protected":false},"featured_media":21246,"comment_status":"open","ping_status":"closed","template":"","meta":{"inline_featured_image":false},"product_cat":[723,487],"product_tag":[],"acf":[],"_links":{"self":[{"href":"https:\/\/beconfident.fi\/fi_sv\/wp-json\/wp\/v2\/product\/21245"}],"collection":[{"href":"https:\/\/beconfident.fi\/fi_sv\/wp-json\/wp\/v2\/product"}],"about":[{"href":"https:\/\/beconfident.fi\/fi_sv\/wp-json\/wp\/v2\/types\/product"}],"replies":[{"embeddable":true,"href":"https:\/\/beconfident.fi\/fi_sv\/wp-json\/wp\/v2\/comments?post=21245"}],"wp:featuredmedia":[{"embeddable":true,"href":"https:\/\/beconfident.fi\/fi_sv\/wp-json\/wp\/v2\/media\/21246"}],"wp:attachment":[{"href":"https:\/\/beconfident.fi\/fi_sv\/wp-json\/wp\/v2\/media?parent=21245"}],"wp:term":[{"taxonomy":"product_cat","embeddable":true,"href":"https:\/\/beconfident.fi\/fi_sv\/wp-json\/wp\/v2\/product_cat?post=21245"},{"taxonomy":"product_tag","embeddable":true,"href":"https:\/\/beconfident.fi\/fi_sv\/wp-json\/wp\/v2\/product_tag?post=21245"}],"curies":[{"name":"wp","href":"https:\/\/api.w.org\/{rel}","templated":true}]}}