{"id":21208,"date":"2021-01-11T10:04:26","date_gmt":"2021-01-11T09:04:26","guid":{"rendered":"http:\/\/beconfident.beconfident.hemsida.eu\/produkt\/teeth-whitening-x1-start-kit\/"},"modified":"2023-12-12T08:22:42","modified_gmt":"2023-12-12T07:22:42","slug":"teeth-whitening-x1-start-kit","status":"publish","type":"product","link":"https:\/\/beconfident.fi\/fi_sv\/tuote\/teeth-whitening-x1-start-kit\/","title":{"rendered":"Tandblekning X1 Start Kit"},"content":{"rendered":"<p>Beconfident\u00ae X1 Start Kit ger en v\u00e4teperoxidfri tandblekning helt utan ilningar eller andra biverkningar i t\u00e4nder och tandk\u00f6tt. X1 gelen bygger p\u00e5 en teknologi med 32% bikarbonat, en aktivt blekande ingrediens som tillsammans med de reng\u00f6rande substanserna lyfter bort missf\u00e4rgningar och ger en vitare tandyta.<\/p>\n<p>De medf\u00f6ljande munskenorna anpassas efter respektive tandrad och ger en optimal kontakt mellan gel och tandyta f\u00f6r b\u00e4sta effekt. Munskenorna kan reng\u00f6ras och sparas till n\u00e4sta tillf\u00e4lle.<\/p>\n<p>Behandlingen tar endast 15 minuter och gelen r\u00e4cker f\u00f6r ca 10 applikationer. Vi rekommenderar att man fullf\u00f6ljer hela kuren tills gelen \u00e4r slut och d\u00e4refter upprepar vid behov, f\u00f6rslagsvis var tredje m\u00e5nad.<\/p>\n<p>F\u00f6rpackningen inneh\u00e5ller tandblekningsgel med fr\u00e4sch melonsmak (10 ml), tre stycken formbara munskenor, nyansguide och bruksanvisning.<\/p>\n","protected":false},"excerpt":{"rendered":"<p>Upp till 4 nyanser vitare t\u00e4nder p\u00e5 10 dagar<\/p>\n","protected":false},"featured_media":56026,"comment_status":"open","ping_status":"closed","template":"","meta":{"inline_featured_image":false},"product_cat":[723,496],"product_tag":[],"acf":[],"_links":{"self":[{"href":"https:\/\/beconfident.fi\/fi_sv\/wp-json\/wp\/v2\/product\/21208"}],"collection":[{"href":"https:\/\/beconfident.fi\/fi_sv\/wp-json\/wp\/v2\/product"}],"about":[{"href":"https:\/\/beconfident.fi\/fi_sv\/wp-json\/wp\/v2\/types\/product"}],"replies":[{"embeddable":true,"href":"https:\/\/beconfident.fi\/fi_sv\/wp-json\/wp\/v2\/comments?post=21208"}],"wp:featuredmedia":[{"embeddable":true,"href":"https:\/\/beconfident.fi\/fi_sv\/wp-json\/wp\/v2\/media\/56026"}],"wp:attachment":[{"href":"https:\/\/beconfident.fi\/fi_sv\/wp-json\/wp\/v2\/media?parent=21208"}],"wp:term":[{"taxonomy":"product_cat","embeddable":true,"href":"https:\/\/beconfident.fi\/fi_sv\/wp-json\/wp\/v2\/product_cat?post=21208"},{"taxonomy":"product_tag","embeddable":true,"href":"https:\/\/beconfident.fi\/fi_sv\/wp-json\/wp\/v2\/product_tag?post=21208"}],"curies":[{"name":"wp","href":"https:\/\/api.w.org\/{rel}","templated":true}]}}