{"id":21187,"date":"2021-01-11T10:04:26","date_gmt":"2021-01-11T09:04:26","guid":{"rendered":"http:\/\/beconfident.beconfident.hemsida.eu\/produkt\/teeth-whitening-dual-foam-with-fluor\/"},"modified":"2023-11-25T08:18:50","modified_gmt":"2023-11-25T07:18:50","slug":"teeth-whitening-dual-foam-with-fluor","status":"publish","type":"product","link":"https:\/\/beconfident.fi\/fi_sv\/tuote\/teeth-whitening-dual-foam-with-fluor\/","title":{"rendered":"Tandblekning Dual Foam med Fluor"},"content":{"rendered":"<p>Beconfident\u00ae Dual Foam \u00e4r en tandblekande, skummande tandkr\u00e4m med fluor. Under behandlingen ers\u00e4tter Dual Foam vanlig tandkr\u00e4m. Behandlingen best\u00e5r av tv\u00e5 steg som b\u00e5de reng\u00f6r och bleker t\u00e4nderna, ett perfekt alternativ f\u00f6r den som inte kan eller vill bleka t\u00e4nderna med hj\u00e4lp av tandblekningsgel och munskena.<\/p>\n<p>Borsta med Dual Foam i 3 minuter morgon och kv\u00e4ll. Steg 1 Cleaning f\u00f6rbereder och reng\u00f6r tandytan under 1 minut f\u00f6ljt av Steg 2 Whitening i 1 minut. Man ska inte sk\u00f6lja munnen efter borstningen utan l\u00e5ta de aktiva ingredienserna verka. Dual Foam r\u00e4cker f\u00f6r tv\u00e5 borstningar per dag under ca tre veckor och under denna tid ska man helst inte anv\u00e4nda vanlig tandkr\u00e4m. Dual Foam inneh\u00e5ller Fluor som st\u00e4rker emaljen och kan anv\u00e4ndas med b\u00e5de manuell borste och eltandborste. Inneh\u00e5ller inga slipmedel.<\/p>\n<p>F\u00f6rpackningen inneh\u00e5ller 1 x Cleaning (50 ml), 1 x Whitening (50 ml) nyansguide och bruksanvisning.<\/p>\n","protected":false},"excerpt":{"rendered":"<p>Tandblekande tandkr\u00e4m med tillsatt fluor. F\u00f6r den som inte vill bleka t\u00e4nderna med skena och gel.<\/p>\n","protected":false},"featured_media":21188,"comment_status":"open","ping_status":"closed","template":"","meta":{"inline_featured_image":false},"product_cat":[723,487],"product_tag":[],"acf":[],"_links":{"self":[{"href":"https:\/\/beconfident.fi\/fi_sv\/wp-json\/wp\/v2\/product\/21187"}],"collection":[{"href":"https:\/\/beconfident.fi\/fi_sv\/wp-json\/wp\/v2\/product"}],"about":[{"href":"https:\/\/beconfident.fi\/fi_sv\/wp-json\/wp\/v2\/types\/product"}],"replies":[{"embeddable":true,"href":"https:\/\/beconfident.fi\/fi_sv\/wp-json\/wp\/v2\/comments?post=21187"}],"wp:featuredmedia":[{"embeddable":true,"href":"https:\/\/beconfident.fi\/fi_sv\/wp-json\/wp\/v2\/media\/21188"}],"wp:attachment":[{"href":"https:\/\/beconfident.fi\/fi_sv\/wp-json\/wp\/v2\/media?parent=21187"}],"wp:term":[{"taxonomy":"product_cat","embeddable":true,"href":"https:\/\/beconfident.fi\/fi_sv\/wp-json\/wp\/v2\/product_cat?post=21187"},{"taxonomy":"product_tag","embeddable":true,"href":"https:\/\/beconfident.fi\/fi_sv\/wp-json\/wp\/v2\/product_tag?post=21187"}],"curies":[{"name":"wp","href":"https:\/\/api.w.org\/{rel}","templated":true}]}}