{"id":21162,"date":"2021-01-11T10:04:26","date_gmt":"2021-01-11T09:04:26","guid":{"rendered":"http:\/\/beconfident.beconfident.hemsida.eu\/produkt\/teeth-whitening-led-booster-light\/"},"modified":"2024-01-01T08:09:44","modified_gmt":"2024-01-01T07:09:44","slug":"teeth-whitening-led-booster-light","status":"publish","type":"product","link":"https:\/\/beconfident.fi\/fi_sv\/tuote\/teeth-whitening-led-booster-light\/","title":{"rendered":"Tandblekning LED Booster Light"},"content":{"rendered":"<p>SPECIAL KAMPANJ NU &#8211; Med Beconfident\u00ae LED Booster Light s\u00e5 b\u00e5de f\u00f6rb\u00e4ttrar och f\u00f6rl\u00e4nger du resultatet av din tandblekning. Den \u00e4r speciellt utvecklad f\u00f6r att anv\u00e4ndas tillsammans med Teeth Whitening Pro Kit d\u00e5 gelen inneh\u00e5ller Ferrous Gluconate som aktiveras av LED-ljuset och g\u00f6r din tandblekning \u00e4nnu mer effektiv.<\/p>\n<p>LED Booster Light\u00a0 kan anv\u00e4ndas med den medf\u00f6ljande munskenan eller tillsammans med de formbara munskenorna som medf\u00f6ljer i v\u00e5ra tandblekningskit. Beconfident lanserar ocks\u00e5 snart v\u00e5r nya &#8216;No Flow&#8217; munskena som fungerar utm\u00e4rkt med LED lampan.<\/p>\n<p>Batteri \u00e4r inkluderat s\u00e5 lampan \u00e4r redo att anv\u00e4ndas direkt.<\/p>\n","protected":false},"excerpt":{"rendered":"<p>F\u00f6rb\u00e4ttrar och f\u00f6rl\u00e4nger resultatet av din tandblekning. Utvecklad f\u00f6r att anv\u00e4ndas med Pro Kit geler som inneh\u00e5ller Ferrous Gluconate.<\/p>\n","protected":false},"featured_media":21163,"comment_status":"open","ping_status":"closed","template":"","meta":{"inline_featured_image":false},"product_cat":[723,484,487],"product_tag":[],"acf":[],"_links":{"self":[{"href":"https:\/\/beconfident.fi\/fi_sv\/wp-json\/wp\/v2\/product\/21162"}],"collection":[{"href":"https:\/\/beconfident.fi\/fi_sv\/wp-json\/wp\/v2\/product"}],"about":[{"href":"https:\/\/beconfident.fi\/fi_sv\/wp-json\/wp\/v2\/types\/product"}],"replies":[{"embeddable":true,"href":"https:\/\/beconfident.fi\/fi_sv\/wp-json\/wp\/v2\/comments?post=21162"}],"wp:featuredmedia":[{"embeddable":true,"href":"https:\/\/beconfident.fi\/fi_sv\/wp-json\/wp\/v2\/media\/21163"}],"wp:attachment":[{"href":"https:\/\/beconfident.fi\/fi_sv\/wp-json\/wp\/v2\/media?parent=21162"}],"wp:term":[{"taxonomy":"product_cat","embeddable":true,"href":"https:\/\/beconfident.fi\/fi_sv\/wp-json\/wp\/v2\/product_cat?post=21162"},{"taxonomy":"product_tag","embeddable":true,"href":"https:\/\/beconfident.fi\/fi_sv\/wp-json\/wp\/v2\/product_tag?post=21162"}],"curies":[{"name":"wp","href":"https:\/\/api.w.org\/{rel}","templated":true}]}}