{"id":21132,"date":"2021-01-11T10:04:31","date_gmt":"2021-01-11T09:04:31","guid":{"rendered":"http:\/\/beconfident.beconfident.hemsida.eu\/produkt\/dental-guard-sleepright-secure\/"},"modified":"2023-12-04T10:47:13","modified_gmt":"2023-12-04T09:47:13","slug":"dental-guard-sleepright-secure","status":"publish","type":"product","link":"https:\/\/beconfident.fi\/fi_sv\/tuote\/dental-guard-sleepright-secure\/","title":{"rendered":"Bettskena Secure"},"content":{"rendered":"<p>SleepRight \u00e4r en bettskena som kommer att skydda dina t\u00e4nder mot tandgnissling p\u00e5 n\u00e4tterna. Tillverkad i USA. Givetvis \u00e4r SleepRight CE godk\u00e4nd och uppfyller alla krav. Rekommenderas av brittiska tandl\u00e4karf\u00f6rbundet. Smart f\u00f6rvaringsask ing\u00e5r.<\/p>\n<ul>\n<li>Passar till de flesta<\/li>\n<li>Stabilitetsvingar f\u00f6r \u00f6kad s\u00e4kerhet<\/li>\n<li>Bra pris &amp; h\u00f6gsta kvalitet<\/li>\n<\/ul>\n<p>SleepRight Secure \u00e4r godk\u00e4nd som medicinteknisk produkt av L\u00e4kemedelsverket och f\u00f6ljer deras f\u00f6reskrifter LVFS 2003:11, LVFS 201:7; LVFS 2001:5.<\/p>\n<p>Vi garanterar att den inte inneh\u00e5ller BPA, silikon, akryl, gluten eller n\u00e5gra skadliga toxiner och kommer inte att l\u00e4cka ut n\u00e5gra kemikalier i munnen. Den tillverkas i en FDA-inspekterad anl\u00e4ggning och \u00e4r inte gjord av naturgummilatex.<\/p>\n<p>V\u00e4nligen observera att bruten f\u00f6rpackning ej kan returneras p.g.a hygiensk\u00e4l. Givetvis g\u00e4ller 14 dagar bytesr\u00e4tt.<\/p>\n","protected":false},"excerpt":{"rendered":"<p>H\u00e5llbar bettskena mot tandgnissling<\/p>\n","protected":false},"featured_media":21134,"comment_status":"open","ping_status":"closed","template":"","meta":{"inline_featured_image":false},"product_cat":[723,494],"product_tag":[],"acf":[],"_links":{"self":[{"href":"https:\/\/beconfident.fi\/fi_sv\/wp-json\/wp\/v2\/product\/21132"}],"collection":[{"href":"https:\/\/beconfident.fi\/fi_sv\/wp-json\/wp\/v2\/product"}],"about":[{"href":"https:\/\/beconfident.fi\/fi_sv\/wp-json\/wp\/v2\/types\/product"}],"replies":[{"embeddable":true,"href":"https:\/\/beconfident.fi\/fi_sv\/wp-json\/wp\/v2\/comments?post=21132"}],"wp:featuredmedia":[{"embeddable":true,"href":"https:\/\/beconfident.fi\/fi_sv\/wp-json\/wp\/v2\/media\/21134"}],"wp:attachment":[{"href":"https:\/\/beconfident.fi\/fi_sv\/wp-json\/wp\/v2\/media?parent=21132"}],"wp:term":[{"taxonomy":"product_cat","embeddable":true,"href":"https:\/\/beconfident.fi\/fi_sv\/wp-json\/wp\/v2\/product_cat?post=21132"},{"taxonomy":"product_tag","embeddable":true,"href":"https:\/\/beconfident.fi\/fi_sv\/wp-json\/wp\/v2\/product_tag?post=21132"}],"curies":[{"name":"wp","href":"https:\/\/api.w.org\/{rel}","templated":true}]}}