{"id":21121,"date":"2021-01-11T10:04:31","date_gmt":"2021-01-11T09:04:31","guid":{"rendered":"http:\/\/beconfident.beconfident.hemsida.eu\/produkt\/sonic-tandborsthuvuden-regular-2-pack-vit\/"},"modified":"2024-03-04T09:40:54","modified_gmt":"2024-03-04T08:40:54","slug":"sonic-tandborsthuvuden-regular-2-pack-vit","status":"publish","type":"product","link":"https:\/\/beconfident.fi\/fi_sv\/tuote\/sonic-tandborsthuvuden-regular-2-pack-vit\/","title":{"rendered":"Sonic Tandborsthuvuden Regular 2-p Vit"},"content":{"rendered":"<p>F\u00e5 vitare, renare och starkare t\u00e4nder med 2-pack Beconfident\u00ae Sonic Tandborsthuvuden Regular Vit. Tandborsthuvudet har DuPont\u00ae borststr\u00e5n med inbyggd f\u00e4rgp\u00e5minnelse f\u00f6r n\u00e4r det \u00e4r dags att byta tandborsthuvud. H\u00e5rdhet: vanlig\/mjuk f\u00f6r daglig anv\u00e4ndning. Vi rekommenderar att man byter tandborsthuvud var tredje m\u00e5nad f\u00f6r b\u00e4sta reng\u00f6ring och minsta slitage p\u00e5 emaljen.<\/p>\n<p>Beconfident\u00a9 Sonic Toothbrush heads kan ej anv\u00e4ndas varken till Philips Sonicare eller Oral-B\u2019s eltandborstar. Passningen mellan tandborste och borsthuvud m\u00e5ste vara exakt f\u00f6r att ge r\u00e4tt sv\u00e4ngning\/vibration, vilket \u00e4r avg\u00f6rande f\u00f6r att t\u00e4nderna ska bli rena.<\/p>\n","protected":false},"excerpt":{"rendered":"<p>Beconfident\u00ae Sonic tandborsthuvuden med DuPont\u00ae borststr\u00e5n och Pedex f\u00e4rgp\u00e5minnelse<\/p>\n","protected":false},"featured_media":21124,"comment_status":"open","ping_status":"closed","template":"","meta":{"inline_featured_image":false},"product_cat":[723,491],"product_tag":[],"acf":[],"_links":{"self":[{"href":"https:\/\/beconfident.fi\/fi_sv\/wp-json\/wp\/v2\/product\/21121"}],"collection":[{"href":"https:\/\/beconfident.fi\/fi_sv\/wp-json\/wp\/v2\/product"}],"about":[{"href":"https:\/\/beconfident.fi\/fi_sv\/wp-json\/wp\/v2\/types\/product"}],"replies":[{"embeddable":true,"href":"https:\/\/beconfident.fi\/fi_sv\/wp-json\/wp\/v2\/comments?post=21121"}],"wp:featuredmedia":[{"embeddable":true,"href":"https:\/\/beconfident.fi\/fi_sv\/wp-json\/wp\/v2\/media\/21124"}],"wp:attachment":[{"href":"https:\/\/beconfident.fi\/fi_sv\/wp-json\/wp\/v2\/media?parent=21121"}],"wp:term":[{"taxonomy":"product_cat","embeddable":true,"href":"https:\/\/beconfident.fi\/fi_sv\/wp-json\/wp\/v2\/product_cat?post=21121"},{"taxonomy":"product_tag","embeddable":true,"href":"https:\/\/beconfident.fi\/fi_sv\/wp-json\/wp\/v2\/product_tag?post=21121"}],"curies":[{"name":"wp","href":"https:\/\/api.w.org\/{rel}","templated":true}]}}