{"id":21061,"date":"2021-01-12T09:55:22","date_gmt":"2021-01-12T08:55:22","guid":{"rendered":"http:\/\/beconfident.beconfident.hemsida.eu\/produkt\/teeth-whiteningtouch-up-cleaning-pen-4-ml\/"},"modified":"2023-10-13T06:56:08","modified_gmt":"2023-10-13T04:56:08","slug":"teeth-whiteningtouch-up-cleaning-pen-4-ml","status":"publish","type":"product","link":"https:\/\/beconfident.fi\/fi_sv\/tuote\/teeth-whiteningtouch-up-cleaning-pen-4-ml\/","title":{"rendered":"Tandblekning Touch-Up pen 4ml"},"content":{"rendered":"<p>Beconfident\u00ae Tandblekning Touch-up Penna 4 ml: Tandblekningspennan erbjuder ett enkelt och snabbt s\u00e4tt att underh\u00e5lla t\u00e4ndernas vithet och \u00e4r ett komplement till Beconfidents olika tandbleknings kit. Den \u00e4r enkel att ta med sig, skonsam och kan appliceras s\u00e5 ofta man \u00f6nskar. Med Touch-up pennan penslar man blekgelen j\u00e4mnt p\u00e5 emaljytorna n\u00e4r man snabbt vill f\u00f6rb\u00e4ttra resultatet eller intensifiera blekningen p\u00e5 ett specifikt omr\u00e5den. Gelen i pennan bygger huvudsakligen p\u00e5 v\u00e5r X1-teknik d\u00e4r den aktiva ingrediensen \u00e4r 32% bikarbonat vilket l\u00f6ser upp proteinbel\u00e4ggningar. Den inneh\u00e5ller ocks\u00e5 Fluor f\u00f6r att motverka karies samt Aloe Vera som \u00e4r lugnande f\u00f6r tandk\u00f6ttet. Levereras i en penna med penselspets (4 ml) som r\u00e4cker till ca 50 behandlingar, nyansguide och bruksanvisning.<\/p>\n","protected":false},"excerpt":{"rendered":"<p>Tandblekningspenna. Smidigt komplement till alla tandblekningskit. 4ml.<\/p>\n","protected":false},"featured_media":21062,"comment_status":"open","ping_status":"closed","template":"","meta":{"inline_featured_image":false},"product_cat":[723,487],"product_tag":[],"acf":[],"_links":{"self":[{"href":"https:\/\/beconfident.fi\/fi_sv\/wp-json\/wp\/v2\/product\/21061"}],"collection":[{"href":"https:\/\/beconfident.fi\/fi_sv\/wp-json\/wp\/v2\/product"}],"about":[{"href":"https:\/\/beconfident.fi\/fi_sv\/wp-json\/wp\/v2\/types\/product"}],"replies":[{"embeddable":true,"href":"https:\/\/beconfident.fi\/fi_sv\/wp-json\/wp\/v2\/comments?post=21061"}],"wp:featuredmedia":[{"embeddable":true,"href":"https:\/\/beconfident.fi\/fi_sv\/wp-json\/wp\/v2\/media\/21062"}],"wp:attachment":[{"href":"https:\/\/beconfident.fi\/fi_sv\/wp-json\/wp\/v2\/media?parent=21061"}],"wp:term":[{"taxonomy":"product_cat","embeddable":true,"href":"https:\/\/beconfident.fi\/fi_sv\/wp-json\/wp\/v2\/product_cat?post=21061"},{"taxonomy":"product_tag","embeddable":true,"href":"https:\/\/beconfident.fi\/fi_sv\/wp-json\/wp\/v2\/product_tag?post=21061"}],"curies":[{"name":"wp","href":"https:\/\/api.w.org\/{rel}","templated":true}]}}