{"id":21036,"date":"2021-01-26T15:50:44","date_gmt":"2021-01-26T14:50:44","guid":{"rendered":"http:\/\/beconfident.beconfident.hemsida.eu\/produkt\/supersmile-tandkram\/"},"modified":"2023-12-13T08:07:26","modified_gmt":"2023-12-13T07:07:26","slug":"supersmile-tandkram","status":"publish","type":"product","link":"https:\/\/beconfident.fi\/fi_sv\/tuote\/supersmile-tandkram\/","title":{"rendered":"Supersmile\u00ae tandkr\u00e4m"},"content":{"rendered":"<p>Supersmile\u00ae \u00e4r uvecklad av Dr. Irwin Smigel och inneh\u00e5ller Calprox\u00ae som \u00e4r inkapslad kalciumperoxid och mineraler. Calprox\u00ae l\u00f6ser upp den klibbiga biofilmen p\u00e5 t\u00e4nderna och motverkar p\u00e5 s\u00e5 s\u00e4tt bildning av bakterieplack utan risk f\u00f6r \u00f6kad k\u00e4nslighet. Tandkr\u00e4men h\u00e4mmar plack 10 g\u00e5nger b\u00e4ttre \u00e4n ledande plackavl\u00e4gsnande tandkr\u00e4m och inneh\u00e5ller 75% mindre slipmedel \u00e4n gr\u00e4nsen fastst\u00e4lld av ADA (American Dental Association). Den \u00e4r kliniskt bevisad att bleka t\u00e4nderna med. Tandkr\u00e4men lyfter s\u00e4kert och effektivt bort fl\u00e4ckar som kaffe, te, tobak och r\u00f6tt vin utan grova slipmedel. Inneh\u00e5ller kalcium, magnesium, fosfater och fluor som remineraliserar och \u00e5terst\u00e4ller emaljen. Supersmile passar \u00e4ven utm\u00e4rkt som efterbehandling till tandblekning. Placera Supersmile tandkr\u00e4m p\u00e5 en torr tandborste. Borsta i cirkelr\u00f6relser i tv\u00e5 minuter, tv\u00e5 g\u00e5nger dagligen. Tandkr\u00e4men \u00e4r fri fr\u00e5n kiseldioxid, parabener, sulfater, k\u00e4nda allergener, animaliska biprodukter och BPA. Den \u00e4r ocks\u00e5 Kosher. F\u00f6rpackningen inneh\u00e5ller tub (40 g).<\/p>\n","protected":false},"excerpt":{"rendered":"<p>Supersmile \u00e4r utvecklad i USA och \u00e4r en av v\u00e4rldens fr\u00e4msta blekande tandkr\u00e4m som effektivt tar bort missf\u00e4rgningar. Detta \u00e4r v\u00e5r absolut b\u00e4sta blekande tandkr\u00e4m.<\/p>\n","protected":false},"featured_media":38282,"comment_status":"closed","ping_status":"closed","template":"","meta":{"inline_featured_image":false},"product_cat":[723,483,481],"product_tag":[],"acf":[],"_links":{"self":[{"href":"https:\/\/beconfident.fi\/fi_sv\/wp-json\/wp\/v2\/product\/21036"}],"collection":[{"href":"https:\/\/beconfident.fi\/fi_sv\/wp-json\/wp\/v2\/product"}],"about":[{"href":"https:\/\/beconfident.fi\/fi_sv\/wp-json\/wp\/v2\/types\/product"}],"replies":[{"embeddable":true,"href":"https:\/\/beconfident.fi\/fi_sv\/wp-json\/wp\/v2\/comments?post=21036"}],"wp:featuredmedia":[{"embeddable":true,"href":"https:\/\/beconfident.fi\/fi_sv\/wp-json\/wp\/v2\/media\/38282"}],"wp:attachment":[{"href":"https:\/\/beconfident.fi\/fi_sv\/wp-json\/wp\/v2\/media?parent=21036"}],"wp:term":[{"taxonomy":"product_cat","embeddable":true,"href":"https:\/\/beconfident.fi\/fi_sv\/wp-json\/wp\/v2\/product_cat?post=21036"},{"taxonomy":"product_tag","embeddable":true,"href":"https:\/\/beconfident.fi\/fi_sv\/wp-json\/wp\/v2\/product_tag?post=21036"}],"curies":[{"name":"wp","href":"https:\/\/api.w.org\/{rel}","templated":true}]}}