{"id":7270,"date":"2021-01-11T10:04:26","date_gmt":"2021-01-11T09:04:26","guid":{"rendered":"https:\/\/beconfident.simplesmile.hemsida.eu\/produkt\/multifunctional-whitening-toothpaste-coconutmint\/"},"modified":"2025-03-16T07:25:35","modified_gmt":"2025-03-16T06:25:35","slug":"multifunctional-whitening-toothpaste-coconutmint","status":"publish","type":"product","link":"https:\/\/beconfident.fi\/fi\/tuote\/multifunctional-whitening-toothpaste-coconutmint\/","title":{"rendered":"BECONFIDENT VALKAISEVA HAMMASTAHNA KOOKOS + MINTTU 75ML"},"content":{"rendered":"<p>Hampaita valkaiseva ja rentouttavan kookoksen makuinen hammastahna, jonka j\u00e4lkimakuna raikas minttu. Innovatiivinen ja monitehoinen Beconfident\u00ae-hammastahna on kehitetty maailman johtavien hammasl\u00e4\u00e4k\u00e4rien kanssa. Koostumus takaa puhtaat ja jopa 2 astetta valkoisemmat hampaat 14 p\u00e4iv\u00e4ss\u00e4. Kookoksen makuinen hammastahna vahvistaa kiillett\u00e4, raikastaa hengityst\u00e4 ja suojaa plakilta sek\u00e4 reikiintymiselt\u00e4. Sopii p\u00e4ivitt\u00e4iseen k\u00e4ytt\u00f6\u00f6n.<\/p>\n<p>K\u00e4ytt\u00f6: Harjaa hampaita p\u00e4ivitt\u00e4in aamuin ja illoin, v\u00e4hint\u00e4\u00e4n kahden minuutin ajan Beconfident\u00ae valkaisevalla hammastahnalla, lis\u00e4\u00e4 hieman vett\u00e4 ja purskuttele vi el\u00e4 30 sekuntia. \u00c4l\u00e4 niele. Ei sovi alle 10-vuotiaille<\/p>\n","protected":false},"excerpt":{"rendered":"<p>Hampaita valkaiseva ja rentouttavan kookoksen makuinen hammastahna, jonka j\u00e4lkimakuna raikas minttu. Beconfident-hammastahna valkaisee, vahvistaa, raikastaa ja suojaa.<\/p>\n","protected":false},"featured_media":790,"comment_status":"open","ping_status":"closed","template":"","meta":{"inline_featured_image":false},"product_cat":[733,763,129,130],"product_tag":[],"acf":[],"_links":{"self":[{"href":"https:\/\/beconfident.fi\/fi\/wp-json\/wp\/v2\/product\/7270"}],"collection":[{"href":"https:\/\/beconfident.fi\/fi\/wp-json\/wp\/v2\/product"}],"about":[{"href":"https:\/\/beconfident.fi\/fi\/wp-json\/wp\/v2\/types\/product"}],"replies":[{"embeddable":true,"href":"https:\/\/beconfident.fi\/fi\/wp-json\/wp\/v2\/comments?post=7270"}],"wp:featuredmedia":[{"embeddable":true,"href":"https:\/\/beconfident.fi\/fi\/wp-json\/wp\/v2\/media\/790"}],"wp:attachment":[{"href":"https:\/\/beconfident.fi\/fi\/wp-json\/wp\/v2\/media?parent=7270"}],"wp:term":[{"taxonomy":"product_cat","embeddable":true,"href":"https:\/\/beconfident.fi\/fi\/wp-json\/wp\/v2\/product_cat?post=7270"},{"taxonomy":"product_tag","embeddable":true,"href":"https:\/\/beconfident.fi\/fi\/wp-json\/wp\/v2\/product_tag?post=7270"}],"curies":[{"name":"wp","href":"https:\/\/api.w.org\/{rel}","templated":true}]}}