{"id":7256,"date":"2021-01-11T10:04:26","date_gmt":"2021-01-11T09:04:26","guid":{"rendered":"https:\/\/beconfident.simplesmile.hemsida.eu\/produkt\/multifunctional-whitening-toothpaste-strawberrymint\/"},"modified":"2024-05-28T16:46:06","modified_gmt":"2024-05-28T14:46:06","slug":"multifunctional-whitening-toothpaste-strawberrymint","status":"publish","type":"product","link":"https:\/\/beconfident.fi\/fi\/tuote\/multifunctional-whitening-toothpaste-strawberrymint\/","title":{"rendered":"BECONFIDENT VALKAISEVA HAMMASTAHNA MANSIKKA + MINTTU 75 ML"},"content":{"rendered":"<p>Hampaita valkaiseva ja virkist\u00e4v\u00e4n mansikan makuinen hammastahna, jonka j\u00e4lkimakuna raikas minttu. Innovatiivinen ja monitehoinen Beconfident\u00ae-hammastahna on kehitetty maailman johtavien hammasl\u00e4\u00e4k\u00e4rien kanssa. Koostumus takaa puhtaat ja jopa 2 astetta valkoisemmat hampaat 14 p\u00e4iv\u00e4ss\u00e4. Mansikan makuinen hammastahna vahvistaa kiillett\u00e4, raikastaa hengityst\u00e4 ja suojaa plakilta sek\u00e4 reikiintymiselt\u00e4. Sopii p\u00e4ivitt\u00e4iseen k\u00e4ytt\u00f6\u00f6n.<\/p>\n<p>K\u00e4ytt\u00f6: Harjaa hampaita p\u00e4ivitt\u00e4in, aamuin ja illoin, v\u00e4hint\u00e4\u00e4n kahden minuutin ajan Beconfident\u00ae\u00a0 valkaisevalla hammastahnalla, lis\u00e4\u00e4 hieman vett\u00e4 ja purskuttele viel\u00e4 30 sekuntia. \u00c4l\u00e4 niele. Ei sovi alle 10-vuotiaille lapsille.<\/p>\n","protected":false},"excerpt":{"rendered":"<p>Hampaita valkaiseva ja virkist\u00e4v\u00e4n mansikan makuinen hammastahna, jonka j\u00e4lkimakuna raikas minttu.<\/p>\n","protected":false},"featured_media":780,"comment_status":"open","ping_status":"closed","template":"","meta":{"inline_featured_image":false},"product_cat":[733,763,129,130],"product_tag":[],"acf":[],"_links":{"self":[{"href":"https:\/\/beconfident.fi\/fi\/wp-json\/wp\/v2\/product\/7256"}],"collection":[{"href":"https:\/\/beconfident.fi\/fi\/wp-json\/wp\/v2\/product"}],"about":[{"href":"https:\/\/beconfident.fi\/fi\/wp-json\/wp\/v2\/types\/product"}],"replies":[{"embeddable":true,"href":"https:\/\/beconfident.fi\/fi\/wp-json\/wp\/v2\/comments?post=7256"}],"wp:featuredmedia":[{"embeddable":true,"href":"https:\/\/beconfident.fi\/fi\/wp-json\/wp\/v2\/media\/780"}],"wp:attachment":[{"href":"https:\/\/beconfident.fi\/fi\/wp-json\/wp\/v2\/media?parent=7256"}],"wp:term":[{"taxonomy":"product_cat","embeddable":true,"href":"https:\/\/beconfident.fi\/fi\/wp-json\/wp\/v2\/product_cat?post=7256"},{"taxonomy":"product_tag","embeddable":true,"href":"https:\/\/beconfident.fi\/fi\/wp-json\/wp\/v2\/product_tag?post=7256"}],"curies":[{"name":"wp","href":"https:\/\/api.w.org\/{rel}","templated":true}]}}