{"id":7078,"date":"2021-01-11T10:04:31","date_gmt":"2021-01-11T09:04:31","guid":{"rendered":"https:\/\/beconfident.simplesmile.hemsida.eu\/produkt\/sonic-tandborsthuvuden-regular-2-pack-vit\/"},"modified":"2024-03-01T14:42:31","modified_gmt":"2024-03-01T13:42:31","slug":"sonic-hammasharjan-vaihtopaat-regular-2-pakkaus-valkoinen","status":"publish","type":"product","link":"https:\/\/beconfident.fi\/fi\/tuote\/sonic-hammasharjan-vaihtopaat-regular-2-pakkaus-valkoinen\/","title":{"rendered":"BECONFIDENT SONIC -HAMMASHARJAN VAIHTOP\u00c4\u00c4T 2 KPL"},"content":{"rendered":"<p>Beconfident\u00ae Sonic -hammasharjan Regular White -vaihtop\u00e4\u00e4t DuPont\u00ae-harjaksilla, joissa on sis\u00e4\u00e4nrakennettu v\u00e4rimuistutus, joka kertoo sinulle, milloin on oikea aika vaihtaa Sonic-hammasharjasi vaihtop\u00e4\u00e4t. Pehme\u00e4t vaihtop\u00e4\u00e4t sopivat p\u00e4ivitt\u00e4iseen k\u00e4ytt\u00f6\u00f6n. Suosittelemme, ett\u00e4 vaihdat hammasharjan p\u00e4\u00e4n joka kolmas kuukausi Sonic-hammasharjasi latauksen yhteydess\u00e4.<\/p>\n<p>Beconfident Sonic -hammasharjan vaihtop\u00e4it\u00e4 ei voi k\u00e4ytt\u00e4\u00e4 muiden s\u00e4hk\u00f6hammasharjojen kanssa. Hammasharjan ja harjan p\u00e4\u00e4n on sovittava tarkasti yhteen, jotta syntyy oikeanlaista heilahtelua ja v\u00e4r\u00e4htely\u00e4 hampaiden puhtauden takaamiseksi.<\/p>\n","protected":false},"excerpt":{"rendered":"<p>Beconfident Sonic -hammasharjan Regular White -vaihtop\u00e4\u00e4t.<\/p>\n","protected":false},"featured_media":16886,"comment_status":"open","ping_status":"closed","template":"","meta":{"inline_featured_image":false},"product_cat":[733,762,244],"product_tag":[],"acf":[],"_links":{"self":[{"href":"https:\/\/beconfident.fi\/fi\/wp-json\/wp\/v2\/product\/7078"}],"collection":[{"href":"https:\/\/beconfident.fi\/fi\/wp-json\/wp\/v2\/product"}],"about":[{"href":"https:\/\/beconfident.fi\/fi\/wp-json\/wp\/v2\/types\/product"}],"replies":[{"embeddable":true,"href":"https:\/\/beconfident.fi\/fi\/wp-json\/wp\/v2\/comments?post=7078"}],"wp:featuredmedia":[{"embeddable":true,"href":"https:\/\/beconfident.fi\/fi\/wp-json\/wp\/v2\/media\/16886"}],"wp:attachment":[{"href":"https:\/\/beconfident.fi\/fi\/wp-json\/wp\/v2\/media?parent=7078"}],"wp:term":[{"taxonomy":"product_cat","embeddable":true,"href":"https:\/\/beconfident.fi\/fi\/wp-json\/wp\/v2\/product_cat?post=7078"},{"taxonomy":"product_tag","embeddable":true,"href":"https:\/\/beconfident.fi\/fi\/wp-json\/wp\/v2\/product_tag?post=7078"}],"curies":[{"name":"wp","href":"https:\/\/api.w.org\/{rel}","templated":true}]}}