{"id":33677,"date":"2021-08-16T08:43:51","date_gmt":"2021-08-23T06:12:06","guid":{"rendered":"http:\/\/beconfident.beconfident.hemsida.eu\/?post_type=product&#038;p=33677"},"modified":"2024-03-04T09:35:00","modified_gmt":"2024-03-04T08:35:00","slug":"silver-sonic-whitening-sahkohammasharja","status":"publish","type":"product","link":"https:\/\/beconfident.fi\/fi\/tuote\/silver-sonic-whitening-sahkohammasharja\/","title":{"rendered":"BECONFIDENT SONIC SILVER HAMMASHARJA"},"content":{"rendered":"<p>Beconfident\u00ae Sonic Silver -hammasharja poistaa plakkia 62 % paremmin kuin manuaalinen hammasharja. Sonic-s\u00e4hk\u00f6hammasharjan ultra\u00e4\u00e4niv\u00e4rin\u00e4 luo parempaa puhdistustehoa, joka auttaa poistamaan plakkia my\u00f6s sielt\u00e4, mihin harjakset eiv\u00e4t yll\u00e4. T\u00e4m\u00e4 auttaa poistamaan tummentumia ja valkaisemaan hampaita. Sonic-hammasharjassa on kolme erilaista harjausohjelmaa: puhdistus, hell\u00e4varainen ja valkaisu. Per\u00e4ti 3 kuukauden akun kesto yhdell\u00e4 latauksella.<\/p>\n<p>Ajastin antaa signaalin 30 sekunnin v\u00e4lein, jotta kaikki nelj\u00e4 suun osiota saavat saman puhdistuksen ja harja kytkeytyy automaattisesti pois p\u00e4\u00e4lt\u00e4 kahden minuutin kuluttua harjauksen aloituksesta. Sis\u00e4\u00e4nrakennetussa ladattavassa akussa on nopea lataus ja t\u00e4ysi lataus 6 tunnissa. Yksi lataus kest\u00e4\u00e4 k\u00e4yt\u00f6ss\u00e4 t\u00e4ydet 90 p\u00e4iv\u00e4\u00e4 harjattaessa nelj\u00e4 minuuttia p\u00e4iv\u00e4ss\u00e4. Pakkauksessa on Sonic Regular -hammasharjap\u00e4\u00e4, tasavirtajohto (suora liit\u00e4nt\u00e4) USB-laturiin (ei sis\u00e4lly pakkaukseen) ja k\u00e4ytt\u00f6ohjeet. Hammasharjan p\u00e4\u00e4 on kehitetty ja sopii vain Beconfident\u00ae s\u00e4hk\u00f6hammasharjaan. Kahden vuoden takuu.<\/p>\n<p>&nbsp;<\/p>\n<p>K\u00e4ytt\u00f6ohjeet:<\/p>\n<ol>\n<li><span data-contrast=\"none\"> Paina virtanappia k\u00e4ynnist\u00e4\u00e4ksesi hammasharjan<\/span><\/li>\n<li><span data-contrast=\"none\"> Paina 5 sekunnin sis\u00e4ll\u00e4 uudelleen selataksesi harjaustoimintoja.<\/span><\/li>\n<li>Pid\u00e4 virtanappia pohjassa yli 2 sekuntia sammuttaaksesi virran. Valittu harjaustoiminto j\u00e4\u00e4 muistiin<\/li>\n<li>\u00a0Kastele harjasp\u00e4\u00e4 ja annostele pieni annos hammastahnaa<\/li>\n<li>\u00a0Aseta harjasp\u00e4\u00e4 kevyesti hampaita vasten ja paina nappia. V\u00e4lt\u00e4 painamasta liian kovaa.<span data-ccp-props=\"{&quot;201341983&quot;:0,&quot;335559739&quot;:160,&quot;335559740&quot;:259}\">\u00a0<\/span><\/li>\n<\/ol>\n","protected":false},"excerpt":{"rendered":"<p>Beconfident Sonic Silver-hammasharja poistaa ultra\u00e4\u00e4niv\u00e4rin\u00e4ll\u00e4 plakkia 62 % paremmin kuin manuaalinen hammasharja.<\/p>\n","protected":false},"featured_media":53915,"comment_status":"open","ping_status":"closed","template":"","meta":{"inline_featured_image":false},"product_cat":[733,762,244],"product_tag":[],"acf":[],"_links":{"self":[{"href":"https:\/\/beconfident.fi\/fi\/wp-json\/wp\/v2\/product\/33677"}],"collection":[{"href":"https:\/\/beconfident.fi\/fi\/wp-json\/wp\/v2\/product"}],"about":[{"href":"https:\/\/beconfident.fi\/fi\/wp-json\/wp\/v2\/types\/product"}],"replies":[{"embeddable":true,"href":"https:\/\/beconfident.fi\/fi\/wp-json\/wp\/v2\/comments?post=33677"}],"wp:featuredmedia":[{"embeddable":true,"href":"https:\/\/beconfident.fi\/fi\/wp-json\/wp\/v2\/media\/53915"}],"wp:attachment":[{"href":"https:\/\/beconfident.fi\/fi\/wp-json\/wp\/v2\/media?parent=33677"}],"wp:term":[{"taxonomy":"product_cat","embeddable":true,"href":"https:\/\/beconfident.fi\/fi\/wp-json\/wp\/v2\/product_cat?post=33677"},{"taxonomy":"product_tag","embeddable":true,"href":"https:\/\/beconfident.fi\/fi\/wp-json\/wp\/v2\/product_tag?post=33677"}],"curies":[{"name":"wp","href":"https:\/\/api.w.org\/{rel}","templated":true}]}}