{"id":19952,"date":"2021-01-26T15:50:36","date_gmt":"2021-01-26T14:50:36","guid":{"rendered":"http:\/\/beconfident.beconfident.hemsida.eu\/produkt\/hampaiden-valkaisu-x4-pro-taytto\/"},"modified":"2024-03-05T10:53:28","modified_gmt":"2024-03-05T09:53:28","slug":"hampaiden-valkaisu-x4-pro-taytto","status":"publish","type":"product","link":"https:\/\/beconfident.fi\/fi\/tuote\/hampaiden-valkaisu-x4-pro-taytto\/","title":{"rendered":"BECONFIDENT X4 PRO KIT HAMPAIDEN KOTIVALKAISUN T\u00c4YTT\u00d6PAKKAUS"},"content":{"rendered":"<p>X4 Pro Kit -t\u00e4ytt\u00f6pakkaus sis\u00e4lt\u00e4\u00e4 Pro Kit -hampaiden valkaisugeelin (10 ml), Protect and Repair -j\u00e4lkihoitogeelin (10 ml), s\u00e4vyoppaan ja k\u00e4ytt\u00f6ohjeet hampaiden valkaisuun.<\/p>\n<p>K\u00e4ytt\u00f6ohjeet:<\/p>\n<p>Parhaan lopputuloksen saavuttaaksesi, lue koko k\u00e4ytt\u00f6ohje huolellisesti ennen k\u00e4sittelyn aloittamista.<\/p>\n<p>1. Harjaa hampaat aina kevyesti ilman hammastahnaa ennen jokaista k\u00e4sittelykertaa.<\/p>\n<p>Annosteluvaihtoehto 1<\/p>\n<p>Geelin annosteleminen sormellasi: Puhdista k\u00e4tesi, annostele tippa geeli\u00e4 sormenp\u00e4\u00e4h\u00e4n. Levit\u00e4 t\u00e4m\u00e4n j\u00e4lkeen geeli\u00e4 varovasti hieroen niihin hampaisiin, jotka haluat valkaista. Aseta t\u00e4m\u00e4n j\u00e4lkeen valkaisumuotti valkaistavan hammasrivin p\u00e4\u00e4lle. Kumpikin hammasrivi voidaan valkaista samalla kertaa.<\/p>\n<p>Annosteluvaihtoehto 2<\/p>\n<p>Geelin annosteleminen valkaisumuotteihin: Annostele geeli\u00e4 valkaisumuottiin koko pituudelle. Varmista, ett\u00e4 olet annostellut geelin siten, ett\u00e4 se peitt\u00e4\u00e4 kaikki valkaistavat hampaat. Aseta t\u00e4m\u00e4n j\u00e4lkeen muotti valkaistavan hammasrivin p\u00e4\u00e4lle. Kumpikin hammasrivi voidaan valkaista samalla kertaa.<\/p>\n<p>2. Anna vaikuttaa 15 minuuttia<\/p>\n<p>3. Poista muotti, sylje valkaisuaine pois ja huuhtele suuvedell\u00e4. Harjaa hampaat kevyesti ilman hammastahnaa.<\/p>\n<p>4. Toista k\u00e4sittely kerran p\u00e4iv\u00e4ss\u00e4 10 p\u00e4iv\u00e4n ajan, tai kunnes olet tyytyv\u00e4inen tulokseen. Tuotetta voi k\u00e4ytt\u00e4\u00e4 max. 20 p\u00e4iv\u00e4\u00e4 kolmen kuukauden aikana.<\/p>\n","protected":false},"excerpt":{"rendered":"<p>Beconfidentin X4 Pro Kit hampaiden kotivalkaisusarjan t\u00e4ytt\u00f6pakkaus sis\u00e4lt\u00e4\u00e4 aineet ja ohjeet tehokkaaseen hampaiden valkaisuun<\/p>\n","protected":false},"featured_media":18225,"comment_status":"closed","ping_status":"closed","template":"","meta":{"inline_featured_image":false},"product_cat":[733,55,359,293],"product_tag":[],"acf":[],"_links":{"self":[{"href":"https:\/\/beconfident.fi\/fi\/wp-json\/wp\/v2\/product\/19952"}],"collection":[{"href":"https:\/\/beconfident.fi\/fi\/wp-json\/wp\/v2\/product"}],"about":[{"href":"https:\/\/beconfident.fi\/fi\/wp-json\/wp\/v2\/types\/product"}],"replies":[{"embeddable":true,"href":"https:\/\/beconfident.fi\/fi\/wp-json\/wp\/v2\/comments?post=19952"}],"wp:featuredmedia":[{"embeddable":true,"href":"https:\/\/beconfident.fi\/fi\/wp-json\/wp\/v2\/media\/18225"}],"wp:attachment":[{"href":"https:\/\/beconfident.fi\/fi\/wp-json\/wp\/v2\/media?parent=19952"}],"wp:term":[{"taxonomy":"product_cat","embeddable":true,"href":"https:\/\/beconfident.fi\/fi\/wp-json\/wp\/v2\/product_cat?post=19952"},{"taxonomy":"product_tag","embeddable":true,"href":"https:\/\/beconfident.fi\/fi\/wp-json\/wp\/v2\/product_tag?post=19952"}],"curies":[{"name":"wp","href":"https:\/\/api.w.org\/{rel}","templated":true}]}}