{"id":58729,"date":"2024-01-11T12:46:12","date_gmt":"2024-01-11T11:46:12","guid":{"rendered":"https:\/\/beconfident-fi.hemsida.eu\/?page_id=58729"},"modified":"2024-02-28T17:00:54","modified_gmt":"2024-02-28T16:00:54","slug":"vastuullisuus","status":"publish","type":"page","link":"https:\/\/beconfident.fi\/fi\/vastuullisuus\/","title":{"rendered":"Vastuullisuus"},"content":{"rendered":"<p>Beconfident AB on B\u00e5stadissa sijaitseva ruotsalainen yritys, joka on eturintamassa kehitt\u00e4m\u00e4ss\u00e4 innovatiivisia tuotteita hampaiden valkaisuun sek\u00e4 suun hoitoon. Beconfidentin tuotekehitys tehd\u00e4\u00e4n tiiviiss\u00e4 yhteisty\u00f6ss\u00e4 alan johtavien tutkijoiden ja hammasl\u00e4\u00e4k\u00e4reiden kanssa. Tuotteet, kuten monitoimihammastahna, sis\u00e4lt\u00e4v\u00e4t tarkoin valittuja komponentteja, joiden vaikutukset ovat tieteellisesti vahvistettuja ja tuotteiden formulat ovat ainutlaatuisia. Yritys on rekister\u00f6ity Ruotsin L\u00e4\u00e4kevirastossa ja se on sertifioitu ISO 9001 -laatustandardin ja ISO 14001 -ymp\u00e4rist\u00f6standardin mukaisesti.<\/p>\n<p>&nbsp;<\/p>\n<p>Beconfident valkaisutuotteiden teho on varmistettu kliinisiss\u00e4 testeiss\u00e4 ja tieteellisiss\u00e4 tutkimuksissa. Tuotteiden k\u00e4yt\u00f6n tulokset raportoidaan VITA Shade Guide -s\u00e4vyoppaan mukaisesti. S\u00e4vyopas on American Dental Association (ADA) suositusten mukainen ja ainoa tieteellisiss\u00e4 raporteissa hyv\u00e4ksytty mittakaava. VITA Shade Guide on hammasl\u00e4\u00e4ketieteess\u00e4 k\u00e4ytett\u00e4v\u00e4 v\u00e4rikartta, joka auttaa m\u00e4\u00e4ritt\u00e4m\u00e4\u00e4n hampaiden v\u00e4rin mahdollisimman tarkasti. Se on yksi suosituimmista ja laajimmin k\u00e4ytetyist\u00e4 v\u00e4rikartoista maailmassa.\u00a0Beconfident-tuotteissa on kerrottu montako s\u00e4vy\u00e4 vaaleammat hampaat tuote lupaa ja miss\u00e4 ajassa. Yritys on sitoutunut toimintansa l\u00e4pin\u00e4kyvyyteen sek\u00e4 tieteelliseen tarkkuuteen tuotteiden markkinoinnissa ja tuotekehityksess\u00e4.<\/p>\n<p>&nbsp;<\/p>\n<p>Yksi t\u00e4rkeimmist\u00e4 tekij\u00f6ist\u00e4 kunkin tuotteen ymp\u00e4rist\u00f6vaikutuksissa on sen todellinen k\u00e4ytt\u00f6ik\u00e4 \u2013 mit\u00e4 pidempi k\u00e4ytt\u00f6ik\u00e4, sit\u00e4 v\u00e4hemm\u00e4n ymp\u00e4rist\u00f6\u00e4 kuormitetaan. Sonic-hammasharjoissamme on pitk\u00e4ik\u00e4inen akku, jolla on kaksi tarkoitusta: 1) k\u00e4ytt\u00e4j\u00e4n on helppo ja k\u00e4tev\u00e4 v\u00e4ltt\u00e4\u00e4 hammasharjan lataamista koko ajan, ja 2) pitk\u00e4 akun kesto tekee hammasharjan k\u00e4ytt\u00f6i\u00e4st\u00e4 pitk\u00e4n. Akku ei yksinkertaisesti kulu niin nopeasti, kun se on ladattava vain kolmen kuukauden v\u00e4lein.<\/p>\n","protected":false},"excerpt":{"rendered":"<p>Beconfident AB on B\u00e5stadissa sijaitseva ruotsalainen yritys, joka on eturintamassa kehitt\u00e4m\u00e4ss\u00e4 innovatiivisia tuotteita hampaiden valkaisuun sek\u00e4 suun hoitoon. Beconfidentin tuotekehitys tehd\u00e4\u00e4n tiiviiss\u00e4 yhteisty\u00f6ss\u00e4 alan johtavien tutkijoiden ja hammasl\u00e4\u00e4k\u00e4reiden kanssa. Tuotteet, kuten monitoimihammastahna, sis\u00e4lt\u00e4v\u00e4t tarkoin valittuja komponentteja, joiden vaikutukset ovat tieteellisesti vahvistettuja ja tuotteiden formulat ovat ainutlaatuisia. Yritys on rekister\u00f6ity Ruotsin L\u00e4\u00e4kevirastossa ja se on sertifioitu [&hellip;]<\/p>\n","protected":false},"author":117,"featured_media":0,"parent":0,"menu_order":0,"comment_status":"closed","ping_status":"closed","template":"","meta":{"inline_featured_image":false,"footnotes":""},"acf":[],"_links":{"self":[{"href":"https:\/\/beconfident.fi\/fi\/wp-json\/wp\/v2\/pages\/58729"}],"collection":[{"href":"https:\/\/beconfident.fi\/fi\/wp-json\/wp\/v2\/pages"}],"about":[{"href":"https:\/\/beconfident.fi\/fi\/wp-json\/wp\/v2\/types\/page"}],"author":[{"embeddable":true,"href":"https:\/\/beconfident.fi\/fi\/wp-json\/wp\/v2\/users\/117"}],"replies":[{"embeddable":true,"href":"https:\/\/beconfident.fi\/fi\/wp-json\/wp\/v2\/comments?post=58729"}],"version-history":[{"count":3,"href":"https:\/\/beconfident.fi\/fi\/wp-json\/wp\/v2\/pages\/58729\/revisions"}],"predecessor-version":[{"id":59260,"href":"https:\/\/beconfident.fi\/fi\/wp-json\/wp\/v2\/pages\/58729\/revisions\/59260"}],"wp:attachment":[{"href":"https:\/\/beconfident.fi\/fi\/wp-json\/wp\/v2\/media?parent=58729"}],"curies":[{"name":"wp","href":"https:\/\/api.w.org\/{rel}","templated":true}]}}