{"id":37097,"date":"2022-05-31T09:05:21","date_gmt":"2022-05-31T07:05:21","guid":{"rendered":"http:\/\/beconfident.beconfident.hemsida.eu\/cookie-policy\/"},"modified":"2024-03-01T15:19:26","modified_gmt":"2024-03-01T14:19:26","slug":"cookie-policy","status":"publish","type":"page","link":"https:\/\/beconfident.fi\/fi\/cookie-policy\/","title":{"rendered":"Ev\u00e4steasetukset"},"content":{"rendered":"<div class=\"cli_pg_page_contaner\">\n<p><span style=\"font-size: 16px;\">Hy\u00f6dynn\u00e4mme ev\u00e4steit\u00e4 palvelumme parantamiseksi. K\u00e4yt\u00e4mme kumppaniemme kanssa ev\u00e4steit\u00e4 sivuston toimivuuden, personoinnin ja analytiikan toteuttamiseksi. Hyv\u00e4ksym\u00e4ll\u00e4 ev\u00e4steet voimme tarjota sinulle kiinnostavaa sis\u00e4lt\u00f6\u00e4 sek\u00e4 helpottaa kiinnostavien tuotteiden ja palveluiden l\u00f6yt\u00e4mist\u00e4. Voit antaa suostumuksesi painamalla \u201dSalli kaikki\u201d. Ev\u00e4steasetuksia voi koska tahansa muuttaa asetuksista.<\/span><\/p>\n<div>\n<p>Lupasi koskee seuraavia toimialueita: www.beconfident.fi<\/p>\n<\/div>\n<h3>Mit\u00e4 ev\u00e4steet ovat?<\/h3>\n<div>\n<p>Ev\u00e4steet ovat pieni\u00e4 tekstitiedostoja, joita sivustot voivat k\u00e4ytt\u00e4\u00e4 tehd\u00e4kseen k\u00e4ytt\u00e4j\u00e4kokemuksesta tehokkaamman. Lain mukaan voimme tallentaa ev\u00e4steit\u00e4 laitteellesi, mik\u00e4li se on ehdottoman t\u00e4rke\u00e4\u00e4 sivuston toiminnan kannalta. Tarvitsemme suostumuksesi kaikenlaisten ev\u00e4steiden k\u00e4yt\u00f6lle. T\u00e4m\u00e4 sivusto k\u00e4ytt\u00e4\u00e4 erityyppisi\u00e4 ev\u00e4steit\u00e4. Jotkut ev\u00e4steet ovat sivuillamme esiintyvienkolmansien osapuolten palveluiden asettamia.<\/p>\n<\/div>\n","protected":false},"excerpt":{"rendered":"<p>Hy\u00f6dynn\u00e4mme ev\u00e4steit\u00e4 palvelumme parantamiseksi. K\u00e4yt\u00e4mme kumppaniemme kanssa ev\u00e4steit\u00e4 sivuston toimivuuden, personoinnin ja analytiikan toteuttamiseksi. Hyv\u00e4ksym\u00e4ll\u00e4 ev\u00e4steet voimme tarjota sinulle kiinnostavaa sis\u00e4lt\u00f6\u00e4 sek\u00e4 helpottaa kiinnostavien tuotteiden ja palveluiden l\u00f6yt\u00e4mist\u00e4. Voit antaa suostumuksesi painamalla \u201dSalli kaikki\u201d. Ev\u00e4steasetuksia voi koska tahansa muuttaa asetuksista. Lupasi koskee seuraavia toimialueita: www.beconfident.fi Mit\u00e4 ev\u00e4steet ovat? Ev\u00e4steet ovat pieni\u00e4 tekstitiedostoja, joita sivustot voivat [&hellip;]<\/p>\n","protected":false},"author":1,"featured_media":0,"parent":0,"menu_order":0,"comment_status":"closed","ping_status":"closed","template":"","meta":{"inline_featured_image":false,"footnotes":""},"acf":[],"_links":{"self":[{"href":"https:\/\/beconfident.fi\/fi\/wp-json\/wp\/v2\/pages\/37097"}],"collection":[{"href":"https:\/\/beconfident.fi\/fi\/wp-json\/wp\/v2\/pages"}],"about":[{"href":"https:\/\/beconfident.fi\/fi\/wp-json\/wp\/v2\/types\/page"}],"author":[{"embeddable":true,"href":"https:\/\/beconfident.fi\/fi\/wp-json\/wp\/v2\/users\/1"}],"replies":[{"embeddable":true,"href":"https:\/\/beconfident.fi\/fi\/wp-json\/wp\/v2\/comments?post=37097"}],"version-history":[{"count":10,"href":"https:\/\/beconfident.fi\/fi\/wp-json\/wp\/v2\/pages\/37097\/revisions"}],"predecessor-version":[{"id":59264,"href":"https:\/\/beconfident.fi\/fi\/wp-json\/wp\/v2\/pages\/37097\/revisions\/59264"}],"wp:attachment":[{"href":"https:\/\/beconfident.fi\/fi\/wp-json\/wp\/v2\/media?parent=37097"}],"curies":[{"name":"wp","href":"https:\/\/api.w.org\/{rel}","templated":true}]}}